{"id":9934,"date":"2016-07-03T11:18:17","date_gmt":"2016-07-03T11:18:17","guid":{"rendered":"https:\/\/www.drawplanet.cz\/ru\/o-nas\/firemni-akce\/"},"modified":"2022-02-07T21:09:12","modified_gmt":"2022-02-07T20:09:12","slug":"timbuilding","status":"publish","type":"page","link":"https:\/\/www.drawplanet.cz\/ru\/o-nas\/timbuilding\/","title":{"rendered":"\u0422\u0438\u043c\u0431\u0438\u043b\u0434\u0438\u043d\u0433, \u0438\u0432\u0435\u043d\u0442\u044b"},"content":{"rendered":"<h3>    <form id=\"ask__form\" method=\"post\" class=\"form--thin\">\n\n        <div class=\"text--center\">\n        <h2 class=\"headline--underline\">Array<\/h2>\n        <\/div>\n                <p>\n            <label for=\"ask__name\">\u0418\u043c\u044f \u0438 \u0444\u0430\u043c\u0438\u043b\u0438\u044f*<\/label>\n            <input type=\"text\" id=\"ask__name\" name=\"ask__name\" placeholder=\"\u0418\u043c\u044f \u0438 \u0444\u0430\u043c\u0438\u043b\u0438\u044f*\" required>\n        <\/p>\n        <p>\n            <label for=\"ask__email\">E-mail*<\/label>\n            <input type=\"email\" id=\"ask__email\" name=\"ask__email\"  placeholder=\"E-mail*\" required>\n        <\/p>\n        <p>\n            <label for=\"ask__phone\">\u0422\u0435\u043b\u0435\u0444\u043e\u043d*<\/label>\n            <input type=\"tel\" id=\"ask__phone\" name=\"ask__phone\" placeholder=\"\u0422\u0435\u043b\u0435\u0444\u043e\u043d*\" minlength=\"9\" required>\n        <\/p>\n        <p>\n            <label for=\"ask__note\">\u0421\u043e\u043e\u0431\u0449\u0435\u043d\u0438\u0435<\/label>\n            <textarea id=\"ask__note\" name=\"ask__note\" placeholder=\"\u0421\u043e\u043e\u0431\u0449\u0435\u043d\u0438\u0435\"><\/textarea>\n        <\/p>\n\t    <input type=\"hidden\" id=\"ask__recaptcha_response\" name=\"ask__recaptcha_response\" class=\"recaptcha_response\">        <p>\n            <button class=\"button button--big\">\u0417\u0430\u043f\u0438\u0441\u0430\u0442\u044c\u0441\u044f <\/button>\n        <\/p>\n    <\/form>\n    <\/h3>\n","protected":false},"excerpt":{"rendered":"","protected":false},"author":3,"featured_media":44829,"parent":4075,"menu_order":175,"comment_status":"closed","ping_status":"closed","template":"template-flexible.php","meta":{"_acf_changed":false,"footnotes":""},"class_list":["post-9934","page","type-page","status-publish","has-post-thumbnail","hentry"],"acf":[],"yoast_head":"<!-- This site is optimized with the Yoast SEO Premium plugin v22.7 (Yoast SEO v27.2) - https:\/\/yoast.com\/product\/yoast-seo-premium-wordpress\/ -->\n<title>\u0422\u0438\u043c\u0431\u0438\u043b\u0434\u0438\u043d\u0433, \u0438\u0432\u0435\u043d\u0442\u044b - Draw Planet - v\u00fdtvarn\u00e9 ateli\u00e9ry<\/title>\n<meta name=\"robots\" content=\"index, follow, max-snippet:-1, max-image-preview:large, max-video-preview:-1\" \/>\n<link rel=\"canonical\" href=\"https:\/\/www.drawplanet.cz\/ru\/o-nas\/timbuilding\/\" \/>\n<meta property=\"og:locale\" content=\"ru_RU\" \/>\n<meta property=\"og:type\" content=\"article\" \/>\n<meta property=\"og:title\" content=\"\u0422\u0438\u043c\u0431\u0438\u043b\u0434\u0438\u043d\u0433, \u0438\u0432\u0435\u043d\u0442\u044b\" \/>\n<meta property=\"og:url\" content=\"https:\/\/www.drawplanet.cz\/ru\/o-nas\/timbuilding\/\" \/>\n<meta property=\"og:site_name\" content=\"Draw Planet - v\u00fdtvarn\u00e9 ateli\u00e9ry\" \/>\n<meta property=\"article:modified_time\" content=\"2022-02-07T20:09:12+00:00\" \/>\n<meta property=\"og:image\" content=\"https:\/\/www.drawplanet.cz\/wp-content\/uploads\/2018\/11\/dsc-5742.jpg\" \/>\n\t<meta property=\"og:image:width\" content=\"4288\" \/>\n\t<meta property=\"og:image:height\" content=\"2848\" \/>\n\t<meta property=\"og:image:type\" content=\"image\/jpeg\" \/>\n<meta name=\"twitter:card\" content=\"summary_large_image\" \/>\n<script type=\"application\/ld+json\" class=\"yoast-schema-graph\">{\"@context\":\"https:\/\/schema.org\",\"@graph\":[{\"@type\":\"WebPage\",\"@id\":\"https:\/\/www.drawplanet.cz\/ru\/o-nas\/timbuilding\/\",\"url\":\"https:\/\/www.drawplanet.cz\/ru\/o-nas\/timbuilding\/\",\"name\":\"\u0422\u0438\u043c\u0431\u0438\u043b\u0434\u0438\u043d\u0433, \u0438\u0432\u0435\u043d\u0442\u044b - Draw Planet - v\u00fdtvarn\u00e9 ateli\u00e9ry\",\"isPartOf\":{\"@id\":\"https:\/\/www.drawplanet.cz\/#website\"},\"primaryImageOfPage\":{\"@id\":\"https:\/\/www.drawplanet.cz\/ru\/o-nas\/timbuilding\/#primaryimage\"},\"image\":{\"@id\":\"https:\/\/www.drawplanet.cz\/ru\/o-nas\/timbuilding\/#primaryimage\"},\"thumbnailUrl\":\"https:\/\/www.drawplanet.cz\/wp-content\/uploads\/2018\/11\/dsc-5742.jpg\",\"datePublished\":\"2016-07-03T11:18:17+00:00\",\"dateModified\":\"2022-02-07T20:09:12+00:00\",\"breadcrumb\":{\"@id\":\"https:\/\/www.drawplanet.cz\/ru\/o-nas\/timbuilding\/#breadcrumb\"},\"inLanguage\":\"ru-RU\",\"potentialAction\":[{\"@type\":\"ReadAction\",\"target\":[\"https:\/\/www.drawplanet.cz\/ru\/o-nas\/timbuilding\/\"]}]},{\"@type\":\"ImageObject\",\"inLanguage\":\"ru-RU\",\"@id\":\"https:\/\/www.drawplanet.cz\/ru\/o-nas\/timbuilding\/#primaryimage\",\"url\":\"https:\/\/www.drawplanet.cz\/wp-content\/uploads\/2018\/11\/dsc-5742.jpg\",\"contentUrl\":\"https:\/\/www.drawplanet.cz\/wp-content\/uploads\/2018\/11\/dsc-5742.jpg\",\"width\":4288,\"height\":2848},{\"@type\":\"BreadcrumbList\",\"@id\":\"https:\/\/www.drawplanet.cz\/ru\/o-nas\/timbuilding\/#breadcrumb\",\"itemListElement\":[{\"@type\":\"ListItem\",\"position\":1,\"name\":\"Dom\u016f\",\"item\":\"https:\/\/www.drawplanet.cz\/ru\/\"},{\"@type\":\"ListItem\",\"position\":2,\"name\":\"\u041e \u043d\u0430\u0441\",\"item\":\"https:\/\/www.drawplanet.cz\/ru\/o-nas\/\"},{\"@type\":\"ListItem\",\"position\":3,\"name\":\"\u0422\u0438\u043c\u0431\u0438\u043b\u0434\u0438\u043d\u0433, \u0438\u0432\u0435\u043d\u0442\u044b\"}]},{\"@type\":\"WebSite\",\"@id\":\"https:\/\/www.drawplanet.cz\/#website\",\"url\":\"https:\/\/www.drawplanet.cz\/\",\"name\":\"Draw Planet - v\u00fdtvarn\u00e9 ateli\u00e9ry\",\"description\":\"\",\"potentialAction\":[{\"@type\":\"SearchAction\",\"target\":{\"@type\":\"EntryPoint\",\"urlTemplate\":\"https:\/\/www.drawplanet.cz\/?s={search_term_string}\"},\"query-input\":{\"@type\":\"PropertyValueSpecification\",\"valueRequired\":true,\"valueName\":\"search_term_string\"}}],\"inLanguage\":\"ru-RU\"}]}<\/script>\n<!-- \/ Yoast SEO Premium plugin. -->","yoast_head_json":{"title":"\u0422\u0438\u043c\u0431\u0438\u043b\u0434\u0438\u043d\u0433, \u0438\u0432\u0435\u043d\u0442\u044b - Draw Planet - v\u00fdtvarn\u00e9 ateli\u00e9ry","robots":{"index":"index","follow":"follow","max-snippet":"max-snippet:-1","max-image-preview":"max-image-preview:large","max-video-preview":"max-video-preview:-1"},"canonical":"https:\/\/www.drawplanet.cz\/ru\/o-nas\/timbuilding\/","og_locale":"ru_RU","og_type":"article","og_title":"\u0422\u0438\u043c\u0431\u0438\u043b\u0434\u0438\u043d\u0433, \u0438\u0432\u0435\u043d\u0442\u044b","og_url":"https:\/\/www.drawplanet.cz\/ru\/o-nas\/timbuilding\/","og_site_name":"Draw Planet - v\u00fdtvarn\u00e9 ateli\u00e9ry","article_modified_time":"2022-02-07T20:09:12+00:00","og_image":[{"width":4288,"height":2848,"url":"https:\/\/www.drawplanet.cz\/wp-content\/uploads\/2018\/11\/dsc-5742.jpg","type":"image\/jpeg"}],"twitter_card":"summary_large_image","schema":{"@context":"https:\/\/schema.org","@graph":[{"@type":"WebPage","@id":"https:\/\/www.drawplanet.cz\/ru\/o-nas\/timbuilding\/","url":"https:\/\/www.drawplanet.cz\/ru\/o-nas\/timbuilding\/","name":"\u0422\u0438\u043c\u0431\u0438\u043b\u0434\u0438\u043d\u0433, \u0438\u0432\u0435\u043d\u0442\u044b - Draw Planet - v\u00fdtvarn\u00e9 ateli\u00e9ry","isPartOf":{"@id":"https:\/\/www.drawplanet.cz\/#website"},"primaryImageOfPage":{"@id":"https:\/\/www.drawplanet.cz\/ru\/o-nas\/timbuilding\/#primaryimage"},"image":{"@id":"https:\/\/www.drawplanet.cz\/ru\/o-nas\/timbuilding\/#primaryimage"},"thumbnailUrl":"https:\/\/www.drawplanet.cz\/wp-content\/uploads\/2018\/11\/dsc-5742.jpg","datePublished":"2016-07-03T11:18:17+00:00","dateModified":"2022-02-07T20:09:12+00:00","breadcrumb":{"@id":"https:\/\/www.drawplanet.cz\/ru\/o-nas\/timbuilding\/#breadcrumb"},"inLanguage":"ru-RU","potentialAction":[{"@type":"ReadAction","target":["https:\/\/www.drawplanet.cz\/ru\/o-nas\/timbuilding\/"]}]},{"@type":"ImageObject","inLanguage":"ru-RU","@id":"https:\/\/www.drawplanet.cz\/ru\/o-nas\/timbuilding\/#primaryimage","url":"https:\/\/www.drawplanet.cz\/wp-content\/uploads\/2018\/11\/dsc-5742.jpg","contentUrl":"https:\/\/www.drawplanet.cz\/wp-content\/uploads\/2018\/11\/dsc-5742.jpg","width":4288,"height":2848},{"@type":"BreadcrumbList","@id":"https:\/\/www.drawplanet.cz\/ru\/o-nas\/timbuilding\/#breadcrumb","itemListElement":[{"@type":"ListItem","position":1,"name":"Dom\u016f","item":"https:\/\/www.drawplanet.cz\/ru\/"},{"@type":"ListItem","position":2,"name":"\u041e \u043d\u0430\u0441","item":"https:\/\/www.drawplanet.cz\/ru\/o-nas\/"},{"@type":"ListItem","position":3,"name":"\u0422\u0438\u043c\u0431\u0438\u043b\u0434\u0438\u043d\u0433, \u0438\u0432\u0435\u043d\u0442\u044b"}]},{"@type":"WebSite","@id":"https:\/\/www.drawplanet.cz\/#website","url":"https:\/\/www.drawplanet.cz\/","name":"Draw Planet - v\u00fdtvarn\u00e9 ateli\u00e9ry","description":"","potentialAction":[{"@type":"SearchAction","target":{"@type":"EntryPoint","urlTemplate":"https:\/\/www.drawplanet.cz\/?s={search_term_string}"},"query-input":{"@type":"PropertyValueSpecification","valueRequired":true,"valueName":"search_term_string"}}],"inLanguage":"ru-RU"}]}},"_links":{"self":[{"href":"https:\/\/www.drawplanet.cz\/ru\/wp-json\/wp\/v2\/pages\/9934","targetHints":{"allow":["GET"]}}],"collection":[{"href":"https:\/\/www.drawplanet.cz\/ru\/wp-json\/wp\/v2\/pages"}],"about":[{"href":"https:\/\/www.drawplanet.cz\/ru\/wp-json\/wp\/v2\/types\/page"}],"author":[{"embeddable":true,"href":"https:\/\/www.drawplanet.cz\/ru\/wp-json\/wp\/v2\/users\/3"}],"replies":[{"embeddable":true,"href":"https:\/\/www.drawplanet.cz\/ru\/wp-json\/wp\/v2\/comments?post=9934"}],"version-history":[{"count":0,"href":"https:\/\/www.drawplanet.cz\/ru\/wp-json\/wp\/v2\/pages\/9934\/revisions"}],"up":[{"embeddable":true,"href":"https:\/\/www.drawplanet.cz\/ru\/wp-json\/wp\/v2\/pages\/4075"}],"wp:featuredmedia":[{"embeddable":true,"href":"https:\/\/www.drawplanet.cz\/ru\/wp-json\/wp\/v2\/media\/44829"}],"wp:attachment":[{"href":"https:\/\/www.drawplanet.cz\/ru\/wp-json\/wp\/v2\/media?parent=9934"}],"curies":[{"name":"wp","href":"https:\/\/api.w.org\/{rel}","templated":true}]}}