{"id":557,"date":"2015-07-29T18:48:59","date_gmt":"2015-07-29T18:48:59","guid":{"rendered":"https:\/\/www.drawplanet.cz\/?page_id=557"},"modified":"2023-02-02T15:08:29","modified_gmt":"2023-02-02T14:08:29","slug":"galerie","status":"publish","type":"page","link":"https:\/\/www.drawplanet.cz\/ru\/galerie\/","title":{"rendered":"\u0413\u0430\u043b\u0435\u0440\u0435\u044f"},"content":{"rendered":"<p>[subpages_gallery]<\/p>\n","protected":false},"excerpt":{"rendered":"<p>[subpages_gallery]<\/p>\n","protected":false},"author":10,"featured_media":186994,"parent":0,"menu_order":65,"comment_status":"closed","ping_status":"open","template":"template-gallery.php","meta":{"_acf_changed":false,"footnotes":""},"class_list":["post-557","page","type-page","status-publish","has-post-thumbnail","hentry"],"acf":[],"yoast_head":"<!-- This site is optimized with the Yoast SEO Premium plugin v22.7 (Yoast SEO v27.2) - https:\/\/yoast.com\/product\/yoast-seo-premium-wordpress\/ -->\n<title>\u0413\u0430\u043b\u0435\u0440\u0435\u044f - Draw Planet - v\u00fdtvarn\u00e9 ateli\u00e9ry<\/title>\n<meta name=\"robots\" content=\"index, follow, max-snippet:-1, max-image-preview:large, max-video-preview:-1\" \/>\n<link rel=\"canonical\" href=\"https:\/\/www.drawplanet.cz\/ru\/galerie\/\" \/>\n<meta property=\"og:locale\" content=\"ru_RU\" \/>\n<meta property=\"og:type\" content=\"article\" \/>\n<meta property=\"og:title\" content=\"\u0413\u0430\u043b\u0435\u0440\u0435\u044f\" \/>\n<meta property=\"og:description\" content=\"[subpages_gallery]\" \/>\n<meta property=\"og:url\" content=\"https:\/\/www.drawplanet.cz\/ru\/galerie\/\" \/>\n<meta property=\"og:site_name\" content=\"Draw Planet - v\u00fdtvarn\u00e9 ateli\u00e9ry\" \/>\n<meta property=\"article:modified_time\" content=\"2023-02-02T14:08:29+00:00\" \/>\n<meta property=\"og:image\" content=\"https:\/\/www.drawplanet.cz\/wp-content\/uploads\/2023\/02\/photo-2023-02-02-14-01-36.jpg\" \/>\n\t<meta property=\"og:image:width\" content=\"1080\" \/>\n\t<meta property=\"og:image:height\" content=\"1080\" \/>\n\t<meta property=\"og:image:type\" content=\"image\/jpeg\" \/>\n<meta name=\"twitter:card\" content=\"summary_large_image\" \/>\n<meta name=\"twitter:label1\" content=\"\u041f\u0440\u0438\u043c\u0435\u0440\u043d\u043e\u0435 \u0432\u0440\u0435\u043c\u044f \u0434\u043b\u044f \u0447\u0442\u0435\u043d\u0438\u044f\" \/>\n\t<meta name=\"twitter:data1\" content=\"1 \u043c\u0438\u043d\u0443\u0442\u0430\" \/>\n<script type=\"application\/ld+json\" class=\"yoast-schema-graph\">{\"@context\":\"https:\/\/schema.org\",\"@graph\":[{\"@type\":\"WebPage\",\"@id\":\"https:\/\/www.drawplanet.cz\/ru\/galerie\/\",\"url\":\"https:\/\/www.drawplanet.cz\/ru\/galerie\/\",\"name\":\"\u0413\u0430\u043b\u0435\u0440\u0435\u044f - Draw Planet - v\u00fdtvarn\u00e9 ateli\u00e9ry\",\"isPartOf\":{\"@id\":\"https:\/\/www.drawplanet.cz\/#website\"},\"primaryImageOfPage\":{\"@id\":\"https:\/\/www.drawplanet.cz\/ru\/galerie\/#primaryimage\"},\"image\":{\"@id\":\"https:\/\/www.drawplanet.cz\/ru\/galerie\/#primaryimage\"},\"thumbnailUrl\":\"https:\/\/www.drawplanet.cz\/wp-content\/uploads\/2023\/02\/photo-2023-02-02-14-01-36.jpg\",\"datePublished\":\"2015-07-29T18:48:59+00:00\",\"dateModified\":\"2023-02-02T14:08:29+00:00\",\"breadcrumb\":{\"@id\":\"https:\/\/www.drawplanet.cz\/ru\/galerie\/#breadcrumb\"},\"inLanguage\":\"ru-RU\",\"potentialAction\":[{\"@type\":\"ReadAction\",\"target\":[\"https:\/\/www.drawplanet.cz\/ru\/galerie\/\"]}]},{\"@type\":\"ImageObject\",\"inLanguage\":\"ru-RU\",\"@id\":\"https:\/\/www.drawplanet.cz\/ru\/galerie\/#primaryimage\",\"url\":\"https:\/\/www.drawplanet.cz\/wp-content\/uploads\/2023\/02\/photo-2023-02-02-14-01-36.jpg\",\"contentUrl\":\"https:\/\/www.drawplanet.cz\/wp-content\/uploads\/2023\/02\/photo-2023-02-02-14-01-36.jpg\",\"width\":1080,\"height\":1080},{\"@type\":\"BreadcrumbList\",\"@id\":\"https:\/\/www.drawplanet.cz\/ru\/galerie\/#breadcrumb\",\"itemListElement\":[{\"@type\":\"ListItem\",\"position\":1,\"name\":\"Dom\u016f\",\"item\":\"https:\/\/www.drawplanet.cz\/ru\/\"},{\"@type\":\"ListItem\",\"position\":2,\"name\":\"\u0413\u0430\u043b\u0435\u0440\u0435\u044f\"}]},{\"@type\":\"WebSite\",\"@id\":\"https:\/\/www.drawplanet.cz\/#website\",\"url\":\"https:\/\/www.drawplanet.cz\/\",\"name\":\"Draw Planet - v\u00fdtvarn\u00e9 ateli\u00e9ry\",\"description\":\"\",\"potentialAction\":[{\"@type\":\"SearchAction\",\"target\":{\"@type\":\"EntryPoint\",\"urlTemplate\":\"https:\/\/www.drawplanet.cz\/?s={search_term_string}\"},\"query-input\":{\"@type\":\"PropertyValueSpecification\",\"valueRequired\":true,\"valueName\":\"search_term_string\"}}],\"inLanguage\":\"ru-RU\"}]}<\/script>\n<!-- \/ Yoast SEO Premium plugin. -->","yoast_head_json":{"title":"\u0413\u0430\u043b\u0435\u0440\u0435\u044f - Draw Planet - v\u00fdtvarn\u00e9 ateli\u00e9ry","robots":{"index":"index","follow":"follow","max-snippet":"max-snippet:-1","max-image-preview":"max-image-preview:large","max-video-preview":"max-video-preview:-1"},"canonical":"https:\/\/www.drawplanet.cz\/ru\/galerie\/","og_locale":"ru_RU","og_type":"article","og_title":"\u0413\u0430\u043b\u0435\u0440\u0435\u044f","og_description":"[subpages_gallery]","og_url":"https:\/\/www.drawplanet.cz\/ru\/galerie\/","og_site_name":"Draw Planet - v\u00fdtvarn\u00e9 ateli\u00e9ry","article_modified_time":"2023-02-02T14:08:29+00:00","og_image":[{"width":1080,"height":1080,"url":"https:\/\/www.drawplanet.cz\/wp-content\/uploads\/2023\/02\/photo-2023-02-02-14-01-36.jpg","type":"image\/jpeg"}],"twitter_card":"summary_large_image","twitter_misc":{"\u041f\u0440\u0438\u043c\u0435\u0440\u043d\u043e\u0435 \u0432\u0440\u0435\u043c\u044f \u0434\u043b\u044f \u0447\u0442\u0435\u043d\u0438\u044f":"1 \u043c\u0438\u043d\u0443\u0442\u0430"},"schema":{"@context":"https:\/\/schema.org","@graph":[{"@type":"WebPage","@id":"https:\/\/www.drawplanet.cz\/ru\/galerie\/","url":"https:\/\/www.drawplanet.cz\/ru\/galerie\/","name":"\u0413\u0430\u043b\u0435\u0440\u0435\u044f - Draw Planet - v\u00fdtvarn\u00e9 ateli\u00e9ry","isPartOf":{"@id":"https:\/\/www.drawplanet.cz\/#website"},"primaryImageOfPage":{"@id":"https:\/\/www.drawplanet.cz\/ru\/galerie\/#primaryimage"},"image":{"@id":"https:\/\/www.drawplanet.cz\/ru\/galerie\/#primaryimage"},"thumbnailUrl":"https:\/\/www.drawplanet.cz\/wp-content\/uploads\/2023\/02\/photo-2023-02-02-14-01-36.jpg","datePublished":"2015-07-29T18:48:59+00:00","dateModified":"2023-02-02T14:08:29+00:00","breadcrumb":{"@id":"https:\/\/www.drawplanet.cz\/ru\/galerie\/#breadcrumb"},"inLanguage":"ru-RU","potentialAction":[{"@type":"ReadAction","target":["https:\/\/www.drawplanet.cz\/ru\/galerie\/"]}]},{"@type":"ImageObject","inLanguage":"ru-RU","@id":"https:\/\/www.drawplanet.cz\/ru\/galerie\/#primaryimage","url":"https:\/\/www.drawplanet.cz\/wp-content\/uploads\/2023\/02\/photo-2023-02-02-14-01-36.jpg","contentUrl":"https:\/\/www.drawplanet.cz\/wp-content\/uploads\/2023\/02\/photo-2023-02-02-14-01-36.jpg","width":1080,"height":1080},{"@type":"BreadcrumbList","@id":"https:\/\/www.drawplanet.cz\/ru\/galerie\/#breadcrumb","itemListElement":[{"@type":"ListItem","position":1,"name":"Dom\u016f","item":"https:\/\/www.drawplanet.cz\/ru\/"},{"@type":"ListItem","position":2,"name":"\u0413\u0430\u043b\u0435\u0440\u0435\u044f"}]},{"@type":"WebSite","@id":"https:\/\/www.drawplanet.cz\/#website","url":"https:\/\/www.drawplanet.cz\/","name":"Draw Planet - v\u00fdtvarn\u00e9 ateli\u00e9ry","description":"","potentialAction":[{"@type":"SearchAction","target":{"@type":"EntryPoint","urlTemplate":"https:\/\/www.drawplanet.cz\/?s={search_term_string}"},"query-input":{"@type":"PropertyValueSpecification","valueRequired":true,"valueName":"search_term_string"}}],"inLanguage":"ru-RU"}]}},"_links":{"self":[{"href":"https:\/\/www.drawplanet.cz\/ru\/wp-json\/wp\/v2\/pages\/557","targetHints":{"allow":["GET"]}}],"collection":[{"href":"https:\/\/www.drawplanet.cz\/ru\/wp-json\/wp\/v2\/pages"}],"about":[{"href":"https:\/\/www.drawplanet.cz\/ru\/wp-json\/wp\/v2\/types\/page"}],"author":[{"embeddable":true,"href":"https:\/\/www.drawplanet.cz\/ru\/wp-json\/wp\/v2\/users\/10"}],"replies":[{"embeddable":true,"href":"https:\/\/www.drawplanet.cz\/ru\/wp-json\/wp\/v2\/comments?post=557"}],"version-history":[{"count":0,"href":"https:\/\/www.drawplanet.cz\/ru\/wp-json\/wp\/v2\/pages\/557\/revisions"}],"wp:featuredmedia":[{"embeddable":true,"href":"https:\/\/www.drawplanet.cz\/ru\/wp-json\/wp\/v2\/media\/186994"}],"wp:attachment":[{"href":"https:\/\/www.drawplanet.cz\/ru\/wp-json\/wp\/v2\/media?parent=557"}],"curies":[{"name":"wp","href":"https:\/\/api.w.org\/{rel}","templated":true}]}}