{"id":9877,"date":"2015-08-05T12:49:00","date_gmt":"2015-08-05T12:49:00","guid":{"rendered":"https:\/\/www.drawplanet.cz\/en\/about-us\/proc-k-nam\/"},"modified":"2022-02-07T20:50:57","modified_gmt":"2022-02-07T19:50:57","slug":"why-choose-us","status":"publish","type":"page","link":"https:\/\/www.drawplanet.cz\/en\/about-us\/why-choose-us\/","title":{"rendered":"Why choose us?"},"content":{"rendered":"","protected":false},"excerpt":{"rendered":"","protected":false},"author":10,"featured_media":44512,"parent":4074,"menu_order":154,"comment_status":"closed","ping_status":"closed","template":"template-flexible.php","meta":{"_acf_changed":false,"footnotes":""},"class_list":["post-9877","page","type-page","status-publish","has-post-thumbnail","hentry"],"acf":[],"yoast_head":"<!-- This site is optimized with the Yoast SEO Premium plugin v22.7 (Yoast SEO v27.2) - https:\/\/yoast.com\/product\/yoast-seo-premium-wordpress\/ -->\n<title>Why choose us? - Draw Planet - v\u00fdtvarn\u00e9 ateli\u00e9ry<\/title>\n<meta name=\"robots\" content=\"index, follow, max-snippet:-1, max-image-preview:large, max-video-preview:-1\" \/>\n<link rel=\"canonical\" href=\"https:\/\/www.drawplanet.cz\/en\/about-us\/why-choose-us\/\" \/>\n<meta property=\"og:locale\" content=\"en_US\" \/>\n<meta property=\"og:type\" content=\"article\" \/>\n<meta property=\"og:title\" content=\"Why choose us?\" \/>\n<meta property=\"og:url\" content=\"https:\/\/www.drawplanet.cz\/en\/about-us\/why-choose-us\/\" \/>\n<meta property=\"og:site_name\" content=\"Draw Planet - v\u00fdtvarn\u00e9 ateli\u00e9ry\" \/>\n<meta property=\"article:modified_time\" content=\"2022-02-07T19:50:57+00:00\" \/>\n<meta property=\"og:image\" content=\"https:\/\/www.drawplanet.cz\/wp-content\/uploads\/2018\/11\/793a8224-1024x683.jpg\" \/>\n\t<meta property=\"og:image:width\" content=\"1024\" \/>\n\t<meta property=\"og:image:height\" content=\"683\" \/>\n\t<meta property=\"og:image:type\" content=\"image\/jpeg\" \/>\n<meta name=\"twitter:card\" content=\"summary_large_image\" \/>\n<script type=\"application\/ld+json\" class=\"yoast-schema-graph\">{\"@context\":\"https:\/\/schema.org\",\"@graph\":[{\"@type\":\"WebPage\",\"@id\":\"https:\/\/www.drawplanet.cz\/en\/about-us\/why-choose-us\/\",\"url\":\"https:\/\/www.drawplanet.cz\/en\/about-us\/why-choose-us\/\",\"name\":\"Why choose us? - Draw Planet - v\u00fdtvarn\u00e9 ateli\u00e9ry\",\"isPartOf\":{\"@id\":\"https:\/\/www.drawplanet.cz\/#website\"},\"primaryImageOfPage\":{\"@id\":\"https:\/\/www.drawplanet.cz\/en\/about-us\/why-choose-us\/#primaryimage\"},\"image\":{\"@id\":\"https:\/\/www.drawplanet.cz\/en\/about-us\/why-choose-us\/#primaryimage\"},\"thumbnailUrl\":\"https:\/\/www.drawplanet.cz\/wp-content\/uploads\/2018\/11\/793a8224.jpg\",\"datePublished\":\"2015-08-05T12:49:00+00:00\",\"dateModified\":\"2022-02-07T19:50:57+00:00\",\"breadcrumb\":{\"@id\":\"https:\/\/www.drawplanet.cz\/en\/about-us\/why-choose-us\/#breadcrumb\"},\"inLanguage\":\"en-US\",\"potentialAction\":[{\"@type\":\"ReadAction\",\"target\":[\"https:\/\/www.drawplanet.cz\/en\/about-us\/why-choose-us\/\"]}]},{\"@type\":\"ImageObject\",\"inLanguage\":\"en-US\",\"@id\":\"https:\/\/www.drawplanet.cz\/en\/about-us\/why-choose-us\/#primaryimage\",\"url\":\"https:\/\/www.drawplanet.cz\/wp-content\/uploads\/2018\/11\/793a8224.jpg\",\"contentUrl\":\"https:\/\/www.drawplanet.cz\/wp-content\/uploads\/2018\/11\/793a8224.jpg\",\"width\":4000,\"height\":2667},{\"@type\":\"BreadcrumbList\",\"@id\":\"https:\/\/www.drawplanet.cz\/en\/about-us\/why-choose-us\/#breadcrumb\",\"itemListElement\":[{\"@type\":\"ListItem\",\"position\":1,\"name\":\"Dom\u016f\",\"item\":\"https:\/\/www.drawplanet.cz\/en\/\"},{\"@type\":\"ListItem\",\"position\":2,\"name\":\"About us\",\"item\":\"https:\/\/www.drawplanet.cz\/en\/about-us\/\"},{\"@type\":\"ListItem\",\"position\":3,\"name\":\"Why choose us?\"}]},{\"@type\":\"WebSite\",\"@id\":\"https:\/\/www.drawplanet.cz\/#website\",\"url\":\"https:\/\/www.drawplanet.cz\/\",\"name\":\"Draw Planet - v\u00fdtvarn\u00e9 ateli\u00e9ry\",\"description\":\"\",\"potentialAction\":[{\"@type\":\"SearchAction\",\"target\":{\"@type\":\"EntryPoint\",\"urlTemplate\":\"https:\/\/www.drawplanet.cz\/?s={search_term_string}\"},\"query-input\":{\"@type\":\"PropertyValueSpecification\",\"valueRequired\":true,\"valueName\":\"search_term_string\"}}],\"inLanguage\":\"en-US\"}]}<\/script>\n<!-- \/ Yoast SEO Premium plugin. -->","yoast_head_json":{"title":"Why choose us? - Draw Planet - v\u00fdtvarn\u00e9 ateli\u00e9ry","robots":{"index":"index","follow":"follow","max-snippet":"max-snippet:-1","max-image-preview":"max-image-preview:large","max-video-preview":"max-video-preview:-1"},"canonical":"https:\/\/www.drawplanet.cz\/en\/about-us\/why-choose-us\/","og_locale":"en_US","og_type":"article","og_title":"Why choose us?","og_url":"https:\/\/www.drawplanet.cz\/en\/about-us\/why-choose-us\/","og_site_name":"Draw Planet - v\u00fdtvarn\u00e9 ateli\u00e9ry","article_modified_time":"2022-02-07T19:50:57+00:00","og_image":[{"width":1024,"height":683,"url":"https:\/\/www.drawplanet.cz\/wp-content\/uploads\/2018\/11\/793a8224-1024x683.jpg","type":"image\/jpeg"}],"twitter_card":"summary_large_image","schema":{"@context":"https:\/\/schema.org","@graph":[{"@type":"WebPage","@id":"https:\/\/www.drawplanet.cz\/en\/about-us\/why-choose-us\/","url":"https:\/\/www.drawplanet.cz\/en\/about-us\/why-choose-us\/","name":"Why choose us? - Draw Planet - v\u00fdtvarn\u00e9 ateli\u00e9ry","isPartOf":{"@id":"https:\/\/www.drawplanet.cz\/#website"},"primaryImageOfPage":{"@id":"https:\/\/www.drawplanet.cz\/en\/about-us\/why-choose-us\/#primaryimage"},"image":{"@id":"https:\/\/www.drawplanet.cz\/en\/about-us\/why-choose-us\/#primaryimage"},"thumbnailUrl":"https:\/\/www.drawplanet.cz\/wp-content\/uploads\/2018\/11\/793a8224.jpg","datePublished":"2015-08-05T12:49:00+00:00","dateModified":"2022-02-07T19:50:57+00:00","breadcrumb":{"@id":"https:\/\/www.drawplanet.cz\/en\/about-us\/why-choose-us\/#breadcrumb"},"inLanguage":"en-US","potentialAction":[{"@type":"ReadAction","target":["https:\/\/www.drawplanet.cz\/en\/about-us\/why-choose-us\/"]}]},{"@type":"ImageObject","inLanguage":"en-US","@id":"https:\/\/www.drawplanet.cz\/en\/about-us\/why-choose-us\/#primaryimage","url":"https:\/\/www.drawplanet.cz\/wp-content\/uploads\/2018\/11\/793a8224.jpg","contentUrl":"https:\/\/www.drawplanet.cz\/wp-content\/uploads\/2018\/11\/793a8224.jpg","width":4000,"height":2667},{"@type":"BreadcrumbList","@id":"https:\/\/www.drawplanet.cz\/en\/about-us\/why-choose-us\/#breadcrumb","itemListElement":[{"@type":"ListItem","position":1,"name":"Dom\u016f","item":"https:\/\/www.drawplanet.cz\/en\/"},{"@type":"ListItem","position":2,"name":"About us","item":"https:\/\/www.drawplanet.cz\/en\/about-us\/"},{"@type":"ListItem","position":3,"name":"Why choose us?"}]},{"@type":"WebSite","@id":"https:\/\/www.drawplanet.cz\/#website","url":"https:\/\/www.drawplanet.cz\/","name":"Draw Planet - v\u00fdtvarn\u00e9 ateli\u00e9ry","description":"","potentialAction":[{"@type":"SearchAction","target":{"@type":"EntryPoint","urlTemplate":"https:\/\/www.drawplanet.cz\/?s={search_term_string}"},"query-input":{"@type":"PropertyValueSpecification","valueRequired":true,"valueName":"search_term_string"}}],"inLanguage":"en-US"}]}},"_links":{"self":[{"href":"https:\/\/www.drawplanet.cz\/en\/wp-json\/wp\/v2\/pages\/9877","targetHints":{"allow":["GET"]}}],"collection":[{"href":"https:\/\/www.drawplanet.cz\/en\/wp-json\/wp\/v2\/pages"}],"about":[{"href":"https:\/\/www.drawplanet.cz\/en\/wp-json\/wp\/v2\/types\/page"}],"author":[{"embeddable":true,"href":"https:\/\/www.drawplanet.cz\/en\/wp-json\/wp\/v2\/users\/10"}],"replies":[{"embeddable":true,"href":"https:\/\/www.drawplanet.cz\/en\/wp-json\/wp\/v2\/comments?post=9877"}],"version-history":[{"count":0,"href":"https:\/\/www.drawplanet.cz\/en\/wp-json\/wp\/v2\/pages\/9877\/revisions"}],"up":[{"embeddable":true,"href":"https:\/\/www.drawplanet.cz\/en\/wp-json\/wp\/v2\/pages\/4074"}],"wp:featuredmedia":[{"embeddable":true,"href":"https:\/\/www.drawplanet.cz\/en\/wp-json\/wp\/v2\/media\/44512"}],"wp:attachment":[{"href":"https:\/\/www.drawplanet.cz\/en\/wp-json\/wp\/v2\/media?parent=9877"}],"curies":[{"name":"wp","href":"https:\/\/api.w.org\/{rel}","templated":true}]}}