{"id":2854,"date":"2015-08-26T00:35:03","date_gmt":"2015-08-26T00:35:03","guid":{"rendered":"https:\/\/www.drawplanet.cz\/en\/nejcastejsi-otazky\/"},"modified":"2022-02-07T20:49:56","modified_gmt":"2022-02-07T19:49:56","slug":"faqs","status":"publish","type":"page","link":"https:\/\/www.drawplanet.cz\/en\/about-us\/faqs\/","title":{"rendered":"FAQs"},"content":{"rendered":"<div class=\"faq__wrap\"><div class=\"row\"><div class=\"col--sm--6\">\t<div class=\"faq\">\n\t\t<h3 class=\"faq__title\">\t\t<svg viewBox=\"0 0 30 30\" width=\"30\" height=\"30\">\n\t\t\t<use xlink:href=\"#faq-30\"\/>\n\t\t<\/svg>\n\t\t\t\tI DON\u2019T KNOW HOW TO DRAW\/PAINT\/DESIGN ETC. CAN I STILL COME TO DRAW PLANET?<\/h3>\n\t\t<p>Definitely! That is what we do \u2013 we teach people to draw and develop creatively when they don\u2019t even know how to start. We specialize in instructing beginners and people with no creative or drawing experience. We approach all of our students individually and with great care. It means the world to us that you learn the skills and finish Draw Planet courses absolutely satisfied with your studies.<\/p>\n\t<\/div>\n\t\t<div class=\"faq\">\n\t\t<h3 class=\"faq__title\">\t\t<svg viewBox=\"0 0 30 30\" width=\"30\" height=\"30\">\n\t\t\t<use xlink:href=\"#faq-30\"\/>\n\t\t<\/svg>\n\t\t\t\tCAN I COME JUST FOR A VISIT?<\/h3>\n\t\t<p>Sure! We love our guests and understand that they want to meet teachers, see the studios, and observe the creative process. We will show you everything that you are interested in and will answer all of your questions. It would be awesome if you let us know you are coming a few hours in advance.<\/p>\n\t<\/div>\n\t\t<div class=\"faq\">\n\t\t<h3 class=\"faq__title\">\t\t<svg viewBox=\"0 0 30 30\" width=\"30\" height=\"30\">\n\t\t\t<use xlink:href=\"#faq-30\"\/>\n\t\t<\/svg>\n\t\t\t\tWHERE ARE THE STUDIOS?<\/h3>\n\t\t<p>We have prepared beautiful studios for you in Prague city centre with perfect public transport availability. Draw Planet address is Sokolovsk\u00e1 27a\/93, Praha 8, Karl\u00edn. Right on the K\u0159i\u017e\u00edkova station (metro, tram). You can find us in the Zirkon building, 3rd floor. Also on occasion there may be available parking around the building.<\/p>\n\t<\/div>\n\t\t<div class=\"faq\">\n\t\t<h3 class=\"faq__title\">\t\t<svg viewBox=\"0 0 30 30\" width=\"30\" height=\"30\">\n\t\t\t<use xlink:href=\"#faq-30\"\/>\n\t\t<\/svg>\n\t\t\t\tHOW AM I SUPPOSED TO LEARN TO DRAW, IF I AM ALWAYS SO BUSY AND SIMPLY DON\u2019T HAVE THE TIME?<\/h3>\n\t\t<p>In our superconnected and hurried times it is essential to make some time only for yourself. Surely, it is not always possible, but if we are speaking longterm, if you are busy nonstop it might backfire. If you don\u2019t allow yourself to rest and regenerate, even your work will be ever harder to manage with all the stress. Creative tasks allow you to switch, find new original solutions and learn new skills, you will feel motivated with the progress you are making and will be in a supporting and motivating environment. Try looking at your schedule and finding some space for yourself, it will do you good.<\/p>\n\t<\/div>\n\t\t<div class=\"faq\">\n\t\t<h3 class=\"faq__title\">\t\t<svg viewBox=\"0 0 30 30\" width=\"30\" height=\"30\">\n\t\t\t<use xlink:href=\"#faq-30\"\/>\n\t\t<\/svg>\n\t\t\t\tCAN I TRANSFER MY COURSE OR WORKSHOP TO A FRIEND OF MINE?<\/h3>\n\t\t<p>Yes. Only please let us know in advance.<\/p>\n\t<\/div>\n\t\t<div class=\"faq\">\n\t\t<h3 class=\"faq__title\">\t\t<svg viewBox=\"0 0 30 30\" width=\"30\" height=\"30\">\n\t\t\t<use xlink:href=\"#faq-30\"\/>\n\t\t<\/svg>\n\t\t\t\tWHAT HAPPENS IF I CAN\u2019T COME TO A LESSON?<\/h3>\n\t\t<p>We understand that anything can happen and you might not be able attend every single lesson in the course. It is not a huge problem if you miss one lesson. You can still manage everything in the program \u2013 our teachers will do everything to help you so that you are not left behind. When it is possible, sometimes in some courses, we organize a special last lesson so that everyone who has missed a lesson can finish their work or have a cup of tea. But this is not always the case, due to the complications of scheduling. Please try to attend all lessons in a course.<\/p>\n\t<\/div>\n\t\t<div class=\"faq\">\n\t\t<h3 class=\"faq__title\">\t\t<svg viewBox=\"0 0 30 30\" width=\"30\" height=\"30\">\n\t\t\t<use xlink:href=\"#faq-30\"\/>\n\t\t<\/svg>\n\t\t\t\tWHAT DO I NEED TO BRING WITH ME?<\/h3>\n\t\t<p>Nothing. We always provide you with all the materials that are needed for the course for free. You don\u2019t need to bring anything except for your imagination. Just come and enjoy the lesson.<\/p>\n\t<\/div>\n\t\t<div class=\"faq\">\n\t\t<h3 class=\"faq__title\">\t\t<svg viewBox=\"0 0 30 30\" width=\"30\" height=\"30\">\n\t\t\t<use xlink:href=\"#faq-30\"\/>\n\t\t<\/svg>\n\t\t\t\tHOW LONG HAVE YOU BEEN TEACHING COURSES?<\/h3>\n\t\t<p>Draw Planet has been offering courses and workshops for more than 3 years now. And we are constantly continuing to perfect our courses and materials and to find new inspirations. We have managed to design our courses in such a way that they are always exciting and engaging both for adults and kids.<\/p>\n\t<\/div>\n\t<\/div><div class=\"col--sm--6\">\t<div class=\"faq\">\n\t\t<h3 class=\"faq__title\">\t\t<svg viewBox=\"0 0 30 30\" width=\"30\" height=\"30\">\n\t\t\t<use xlink:href=\"#faq-30\"\/>\n\t\t<\/svg>\n\t\t\t\tCAN I LEARN TO DRAW, IF I DON\u2019T HAVE A BIG TALENT?<\/h3>\n\t\t<p>We all have talent for creating art. But we have to develop it. We all used to draw and paint when we were small. But some were supported, complemented and provided with right conditions, others were not. So some developed their talent more, and others did not yet. But that is the beauty of creating art \u2013 you can start and learn any time. It is never late to train and make quick progress. You simply have to begin your drawing course and amaze yourself with the progress you are making.<\/p>\n\t<\/div>\n\t\t<div class=\"faq\">\n\t\t<h3 class=\"faq__title\">\t\t<svg viewBox=\"0 0 30 30\" width=\"30\" height=\"30\">\n\t\t\t<use xlink:href=\"#faq-30\"\/>\n\t\t<\/svg>\n\t\t\t\tWHY EVEN DRAW, PAINT AND DESIGN ANYTHING AT ALL?<\/h3>\n\t\t<p>There is a mounting amount of evidence for why creativity is good for you! You will express your emotions freely, improve your memory and get rid of stress. Thanks to creativity you will be more noticing, more empathetic and even more effective at your work. You will be motivated by the progress you are making. But mainly you will have some time dedicated only for you and beautiful works you will make. Creativity makes people happier, join us now!<\/p>\n\t<\/div>\n\t\t<div class=\"faq\">\n\t\t<h3 class=\"faq__title\">\t\t<svg viewBox=\"0 0 30 30\" width=\"30\" height=\"30\">\n\t\t\t<use xlink:href=\"#faq-30\"\/>\n\t\t<\/svg>\n\t\t\t\tDOES IT MAKE SENSE TO COME IF I CAN\u2019T EVEN DRAW AT HOME?<\/h3>\n\t\t<p>Of course \ud83d\ude42 Aspiring artists often lack guidance and support needed, they don\u2019t know how to do something they crave and don\u2019t have a direction. To make good progress you must have a professional leading you, helping you every step of the way and motivating you during your studies. Our experienced and energetic lecturers will guide you, motivate you and inspire! Our effective programs will ensure that you are making big advancements. And it is always fun at Draw Planet. Come and see for yourself!<\/p>\n\t<\/div>\n\t\t<div class=\"faq\">\n\t\t<h3 class=\"faq__title\">\t\t<svg viewBox=\"0 0 30 30\" width=\"30\" height=\"30\">\n\t\t\t<use xlink:href=\"#faq-30\"\/>\n\t\t<\/svg>\n\t\t\t\tWHO ARE YOUR LECTURERS?<\/h3>\n\t\t<p>Everybody who teaches at Draw Planet is always very friendly, creative and open-minded. All of our lecturers are very experienced teachers who are also active in their own creative pursuits.<\/p>\n\t<\/div>\n\t\t<div class=\"faq\">\n\t\t<h3 class=\"faq__title\">\t\t<svg viewBox=\"0 0 30 30\" width=\"30\" height=\"30\">\n\t\t\t<use xlink:href=\"#faq-30\"\/>\n\t\t<\/svg>\n\t\t\t\tWHAT ARE THE COURSES AND WORKSHOPS?<\/h3>\n\t\t<p>A course is a set of lessons, usually between 7 and 11 in number. Normally one lesson in a course is 3 hours (180 minutes).<\/p>\n<p>A workshop is usually an individual lesson or 2 lessons. Workshops can last from 2 hours to 8 hours for a whole day workshop.<\/p>\n\t<\/div>\n\t\t<div class=\"faq\">\n\t\t<h3 class=\"faq__title\">\t\t<svg viewBox=\"0 0 30 30\" width=\"30\" height=\"30\">\n\t\t\t<use xlink:href=\"#faq-30\"\/>\n\t\t<\/svg>\n\t\t\t\tCAN I RECEIVE MONEY BACK FOR A COURSE I AM NOT ABLE TO ATTEND?<\/h3>\n\t\t<p>A refund for a paid course is possible. We try to approach each situation individually and always try to find the best solution for you. If it\u2019s possible, we can reschedule or offer you a different course. For a more detailed policy on refunds, please see \u201cFee return\u201d in the About Us section.<\/p>\n\t<\/div>\n\t\t<div class=\"faq\">\n\t\t<h3 class=\"faq__title\">\t\t<svg viewBox=\"0 0 30 30\" width=\"30\" height=\"30\">\n\t\t\t<use xlink:href=\"#faq-30\"\/>\n\t\t<\/svg>\n\t\t\t\tWHAT IF I AM NOT SURE WHICH COURSE TO TAKE?<\/h3>\n\t\t<p>It is often the case with young artists that they are unsure which technique they want to pursue. The easiest solution is to write us at info@drawplanet.cz and let us know what you expect from the course. We will find the course that suits you best. The important part is to take the first step.<\/p>\n\t<\/div>\n\t\t<div class=\"faq\">\n\t\t<h3 class=\"faq__title\">\t\t<svg viewBox=\"0 0 30 30\" width=\"30\" height=\"30\">\n\t\t\t<use xlink:href=\"#faq-30\"\/>\n\t\t<\/svg>\n\t\t\t\tI HAVE COMPLETED A COURSE, WHAT NEXT?<\/h3>\n\t\t<p>We encourage you to continue to develop your creativity! You can buy art supplies and continue to draw and paint on your own. You might consider coming to the studio just to draw on your own or to join a new course or workshop. We often also throw little parties, take trips, and organize interesting talks from creative professionals, like designers, painters, etc. Sign up for our newsletter below and like us on Facebook. https:\/\/www.facebook.com\/drawplanetcz<\/p>\n\t<\/div>\n\t<\/div><\/div><\/div>\n","protected":false},"excerpt":{"rendered":"","protected":false},"author":10,"featured_media":9210,"parent":4074,"menu_order":185,"comment_status":"closed","ping_status":"closed","template":"","meta":{"_acf_changed":false,"footnotes":""},"class_list":["post-2854","page","type-page","status-publish","has-post-thumbnail","hentry"],"acf":[],"yoast_head":"<!-- This site is optimized with the Yoast SEO Premium plugin v22.7 (Yoast SEO v27.2) - https:\/\/yoast.com\/product\/yoast-seo-premium-wordpress\/ -->\n<title>FAQs - Draw Planet - v\u00fdtvarn\u00e9 ateli\u00e9ry<\/title>\n<meta name=\"robots\" content=\"index, follow, max-snippet:-1, max-image-preview:large, max-video-preview:-1\" \/>\n<link rel=\"canonical\" href=\"https:\/\/www.drawplanet.cz\/en\/about-us\/faqs\/\" \/>\n<meta property=\"og:locale\" content=\"en_US\" \/>\n<meta property=\"og:type\" content=\"article\" \/>\n<meta property=\"og:title\" content=\"FAQs\" \/>\n<meta property=\"og:url\" content=\"https:\/\/www.drawplanet.cz\/en\/about-us\/faqs\/\" \/>\n<meta property=\"og:site_name\" content=\"Draw Planet - v\u00fdtvarn\u00e9 ateli\u00e9ry\" \/>\n<meta property=\"article:modified_time\" content=\"2022-02-07T19:49:56+00:00\" \/>\n<meta property=\"og:image\" content=\"https:\/\/www.drawplanet.cz\/wp-content\/uploads\/2015\/08\/1-2016-Akvarel-3-5-4-1024x768.jpg\" \/>\n\t<meta property=\"og:image:width\" content=\"1024\" \/>\n\t<meta property=\"og:image:height\" content=\"768\" \/>\n\t<meta property=\"og:image:type\" content=\"image\/jpeg\" \/>\n<meta name=\"twitter:card\" content=\"summary_large_image\" \/>\n<script type=\"application\/ld+json\" class=\"yoast-schema-graph\">{\"@context\":\"https:\/\/schema.org\",\"@graph\":[{\"@type\":\"WebPage\",\"@id\":\"https:\/\/www.drawplanet.cz\/en\/about-us\/faqs\/\",\"url\":\"https:\/\/www.drawplanet.cz\/en\/about-us\/faqs\/\",\"name\":\"FAQs - Draw Planet - v\u00fdtvarn\u00e9 ateli\u00e9ry\",\"isPartOf\":{\"@id\":\"https:\/\/www.drawplanet.cz\/#website\"},\"primaryImageOfPage\":{\"@id\":\"https:\/\/www.drawplanet.cz\/en\/about-us\/faqs\/#primaryimage\"},\"image\":{\"@id\":\"https:\/\/www.drawplanet.cz\/en\/about-us\/faqs\/#primaryimage\"},\"thumbnailUrl\":\"https:\/\/www.drawplanet.cz\/wp-content\/uploads\/2015\/08\/1-2016-Akvarel-3-5-4.jpg\",\"datePublished\":\"2015-08-26T00:35:03+00:00\",\"dateModified\":\"2022-02-07T19:49:56+00:00\",\"breadcrumb\":{\"@id\":\"https:\/\/www.drawplanet.cz\/en\/about-us\/faqs\/#breadcrumb\"},\"inLanguage\":\"en-US\",\"potentialAction\":[{\"@type\":\"ReadAction\",\"target\":[\"https:\/\/www.drawplanet.cz\/en\/about-us\/faqs\/\"]}]},{\"@type\":\"ImageObject\",\"inLanguage\":\"en-US\",\"@id\":\"https:\/\/www.drawplanet.cz\/en\/about-us\/faqs\/#primaryimage\",\"url\":\"https:\/\/www.drawplanet.cz\/wp-content\/uploads\/2015\/08\/1-2016-Akvarel-3-5-4.jpg\",\"contentUrl\":\"https:\/\/www.drawplanet.cz\/wp-content\/uploads\/2015\/08\/1-2016-Akvarel-3-5-4.jpg\",\"width\":3264,\"height\":2448},{\"@type\":\"BreadcrumbList\",\"@id\":\"https:\/\/www.drawplanet.cz\/en\/about-us\/faqs\/#breadcrumb\",\"itemListElement\":[{\"@type\":\"ListItem\",\"position\":1,\"name\":\"Dom\u016f\",\"item\":\"https:\/\/www.drawplanet.cz\/en\/\"},{\"@type\":\"ListItem\",\"position\":2,\"name\":\"About us\",\"item\":\"https:\/\/www.drawplanet.cz\/en\/about-us\/\"},{\"@type\":\"ListItem\",\"position\":3,\"name\":\"FAQs\"}]},{\"@type\":\"WebSite\",\"@id\":\"https:\/\/www.drawplanet.cz\/#website\",\"url\":\"https:\/\/www.drawplanet.cz\/\",\"name\":\"Draw Planet - v\u00fdtvarn\u00e9 ateli\u00e9ry\",\"description\":\"\",\"potentialAction\":[{\"@type\":\"SearchAction\",\"target\":{\"@type\":\"EntryPoint\",\"urlTemplate\":\"https:\/\/www.drawplanet.cz\/?s={search_term_string}\"},\"query-input\":{\"@type\":\"PropertyValueSpecification\",\"valueRequired\":true,\"valueName\":\"search_term_string\"}}],\"inLanguage\":\"en-US\"}]}<\/script>\n<!-- \/ Yoast SEO Premium plugin. -->","yoast_head_json":{"title":"FAQs - Draw Planet - v\u00fdtvarn\u00e9 ateli\u00e9ry","robots":{"index":"index","follow":"follow","max-snippet":"max-snippet:-1","max-image-preview":"max-image-preview:large","max-video-preview":"max-video-preview:-1"},"canonical":"https:\/\/www.drawplanet.cz\/en\/about-us\/faqs\/","og_locale":"en_US","og_type":"article","og_title":"FAQs","og_url":"https:\/\/www.drawplanet.cz\/en\/about-us\/faqs\/","og_site_name":"Draw Planet - v\u00fdtvarn\u00e9 ateli\u00e9ry","article_modified_time":"2022-02-07T19:49:56+00:00","og_image":[{"width":1024,"height":768,"url":"https:\/\/www.drawplanet.cz\/wp-content\/uploads\/2015\/08\/1-2016-Akvarel-3-5-4-1024x768.jpg","type":"image\/jpeg"}],"twitter_card":"summary_large_image","schema":{"@context":"https:\/\/schema.org","@graph":[{"@type":"WebPage","@id":"https:\/\/www.drawplanet.cz\/en\/about-us\/faqs\/","url":"https:\/\/www.drawplanet.cz\/en\/about-us\/faqs\/","name":"FAQs - Draw Planet - v\u00fdtvarn\u00e9 ateli\u00e9ry","isPartOf":{"@id":"https:\/\/www.drawplanet.cz\/#website"},"primaryImageOfPage":{"@id":"https:\/\/www.drawplanet.cz\/en\/about-us\/faqs\/#primaryimage"},"image":{"@id":"https:\/\/www.drawplanet.cz\/en\/about-us\/faqs\/#primaryimage"},"thumbnailUrl":"https:\/\/www.drawplanet.cz\/wp-content\/uploads\/2015\/08\/1-2016-Akvarel-3-5-4.jpg","datePublished":"2015-08-26T00:35:03+00:00","dateModified":"2022-02-07T19:49:56+00:00","breadcrumb":{"@id":"https:\/\/www.drawplanet.cz\/en\/about-us\/faqs\/#breadcrumb"},"inLanguage":"en-US","potentialAction":[{"@type":"ReadAction","target":["https:\/\/www.drawplanet.cz\/en\/about-us\/faqs\/"]}]},{"@type":"ImageObject","inLanguage":"en-US","@id":"https:\/\/www.drawplanet.cz\/en\/about-us\/faqs\/#primaryimage","url":"https:\/\/www.drawplanet.cz\/wp-content\/uploads\/2015\/08\/1-2016-Akvarel-3-5-4.jpg","contentUrl":"https:\/\/www.drawplanet.cz\/wp-content\/uploads\/2015\/08\/1-2016-Akvarel-3-5-4.jpg","width":3264,"height":2448},{"@type":"BreadcrumbList","@id":"https:\/\/www.drawplanet.cz\/en\/about-us\/faqs\/#breadcrumb","itemListElement":[{"@type":"ListItem","position":1,"name":"Dom\u016f","item":"https:\/\/www.drawplanet.cz\/en\/"},{"@type":"ListItem","position":2,"name":"About us","item":"https:\/\/www.drawplanet.cz\/en\/about-us\/"},{"@type":"ListItem","position":3,"name":"FAQs"}]},{"@type":"WebSite","@id":"https:\/\/www.drawplanet.cz\/#website","url":"https:\/\/www.drawplanet.cz\/","name":"Draw Planet - v\u00fdtvarn\u00e9 ateli\u00e9ry","description":"","potentialAction":[{"@type":"SearchAction","target":{"@type":"EntryPoint","urlTemplate":"https:\/\/www.drawplanet.cz\/?s={search_term_string}"},"query-input":{"@type":"PropertyValueSpecification","valueRequired":true,"valueName":"search_term_string"}}],"inLanguage":"en-US"}]}},"_links":{"self":[{"href":"https:\/\/www.drawplanet.cz\/en\/wp-json\/wp\/v2\/pages\/2854","targetHints":{"allow":["GET"]}}],"collection":[{"href":"https:\/\/www.drawplanet.cz\/en\/wp-json\/wp\/v2\/pages"}],"about":[{"href":"https:\/\/www.drawplanet.cz\/en\/wp-json\/wp\/v2\/types\/page"}],"author":[{"embeddable":true,"href":"https:\/\/www.drawplanet.cz\/en\/wp-json\/wp\/v2\/users\/10"}],"replies":[{"embeddable":true,"href":"https:\/\/www.drawplanet.cz\/en\/wp-json\/wp\/v2\/comments?post=2854"}],"version-history":[{"count":0,"href":"https:\/\/www.drawplanet.cz\/en\/wp-json\/wp\/v2\/pages\/2854\/revisions"}],"up":[{"embeddable":true,"href":"https:\/\/www.drawplanet.cz\/en\/wp-json\/wp\/v2\/pages\/4074"}],"wp:featuredmedia":[{"embeddable":true,"href":"https:\/\/www.drawplanet.cz\/en\/wp-json\/wp\/v2\/media\/9210"}],"wp:attachment":[{"href":"https:\/\/www.drawplanet.cz\/en\/wp-json\/wp\/v2\/media?parent=2854"}],"curies":[{"name":"wp","href":"https:\/\/api.w.org\/{rel}","templated":true}]}}