{"id":188929,"date":"2024-01-17T16:05:33","date_gmt":"2024-01-17T15:05:33","guid":{"rendered":"https:\/\/www.drawplanet.cz\/?page_id=188929"},"modified":"2024-01-17T16:06:04","modified_gmt":"2024-01-17T15:06:04","slug":"art-wine","status":"publish","type":"page","link":"https:\/\/www.drawplanet.cz\/en\/art-wine\/","title":{"rendered":"Art Wine"},"content":{"rendered":"","protected":false},"excerpt":{"rendered":"","protected":false},"author":10,"featured_media":186990,"parent":0,"menu_order":130,"comment_status":"closed","ping_status":"closed","template":"template-flexible.php","meta":{"_acf_changed":false,"footnotes":""},"class_list":["post-188929","page","type-page","status-publish","has-post-thumbnail","hentry"],"acf":[],"yoast_head":"<!-- This site is optimized with the Yoast SEO Premium plugin v22.7 (Yoast SEO v27.2) - https:\/\/yoast.com\/product\/yoast-seo-premium-wordpress\/ -->\n<title>Art Wine - Draw Planet - v\u00fdtvarn\u00e9 ateli\u00e9ry<\/title>\n<meta name=\"description\" content=\"Art wine workshopy for everyone! Draw Planet English in Prague\" \/>\n<meta name=\"robots\" content=\"noindex, nofollow\" \/>\n<meta property=\"og:locale\" content=\"en_US\" \/>\n<meta property=\"og:type\" content=\"article\" \/>\n<meta property=\"og:title\" content=\"Art Wine\" \/>\n<meta property=\"og:description\" content=\"Art wine workshopy for everyone! Draw Planet English in Prague\" \/>\n<meta property=\"og:url\" content=\"https:\/\/www.drawplanet.cz\/en\/art-wine\/\" \/>\n<meta property=\"og:site_name\" content=\"Draw Planet - v\u00fdtvarn\u00e9 ateli\u00e9ry\" \/>\n<meta property=\"article:modified_time\" content=\"2024-01-17T15:06:04+00:00\" \/>\n<meta property=\"og:image\" content=\"https:\/\/www.drawplanet.cz\/wp-content\/uploads\/2023\/02\/photo-2023-02-02-14-01-42.jpg\" \/>\n\t<meta property=\"og:image:width\" content=\"1080\" \/>\n\t<meta property=\"og:image:height\" content=\"1080\" \/>\n\t<meta property=\"og:image:type\" content=\"image\/jpeg\" \/>\n<meta name=\"twitter:card\" content=\"summary_large_image\" \/>\n<meta name=\"twitter:label1\" content=\"Est. reading time\" \/>\n\t<meta name=\"twitter:data1\" content=\"1 minute\" \/>\n<script type=\"application\/ld+json\" class=\"yoast-schema-graph\">{\"@context\":\"https:\/\/schema.org\",\"@graph\":[{\"@type\":\"WebPage\",\"@id\":\"https:\/\/www.drawplanet.cz\/en\/art-wine\/\",\"url\":\"https:\/\/www.drawplanet.cz\/en\/art-wine\/\",\"name\":\"Art Wine - Draw Planet - v\u00fdtvarn\u00e9 ateli\u00e9ry\",\"isPartOf\":{\"@id\":\"https:\/\/www.drawplanet.cz\/#website\"},\"primaryImageOfPage\":{\"@id\":\"https:\/\/www.drawplanet.cz\/en\/art-wine\/#primaryimage\"},\"image\":{\"@id\":\"https:\/\/www.drawplanet.cz\/en\/art-wine\/#primaryimage\"},\"thumbnailUrl\":\"https:\/\/www.drawplanet.cz\/wp-content\/uploads\/2023\/02\/photo-2023-02-02-14-01-42.jpg\",\"datePublished\":\"2024-01-17T15:05:33+00:00\",\"dateModified\":\"2024-01-17T15:06:04+00:00\",\"description\":\"Art wine workshopy for everyone! Draw Planet English in Prague\",\"breadcrumb\":{\"@id\":\"https:\/\/www.drawplanet.cz\/en\/art-wine\/#breadcrumb\"},\"inLanguage\":\"en-US\",\"potentialAction\":[{\"@type\":\"ReadAction\",\"target\":[\"https:\/\/www.drawplanet.cz\/en\/art-wine\/\"]}]},{\"@type\":\"ImageObject\",\"inLanguage\":\"en-US\",\"@id\":\"https:\/\/www.drawplanet.cz\/en\/art-wine\/#primaryimage\",\"url\":\"https:\/\/www.drawplanet.cz\/wp-content\/uploads\/2023\/02\/photo-2023-02-02-14-01-42.jpg\",\"contentUrl\":\"https:\/\/www.drawplanet.cz\/wp-content\/uploads\/2023\/02\/photo-2023-02-02-14-01-42.jpg\",\"width\":1080,\"height\":1080},{\"@type\":\"BreadcrumbList\",\"@id\":\"https:\/\/www.drawplanet.cz\/en\/art-wine\/#breadcrumb\",\"itemListElement\":[{\"@type\":\"ListItem\",\"position\":1,\"name\":\"Dom\u016f\",\"item\":\"https:\/\/www.drawplanet.cz\/en\/\"},{\"@type\":\"ListItem\",\"position\":2,\"name\":\"Art Wine\"}]},{\"@type\":\"WebSite\",\"@id\":\"https:\/\/www.drawplanet.cz\/#website\",\"url\":\"https:\/\/www.drawplanet.cz\/\",\"name\":\"Draw Planet - v\u00fdtvarn\u00e9 ateli\u00e9ry\",\"description\":\"\",\"potentialAction\":[{\"@type\":\"SearchAction\",\"target\":{\"@type\":\"EntryPoint\",\"urlTemplate\":\"https:\/\/www.drawplanet.cz\/?s={search_term_string}\"},\"query-input\":{\"@type\":\"PropertyValueSpecification\",\"valueRequired\":true,\"valueName\":\"search_term_string\"}}],\"inLanguage\":\"en-US\"}]}<\/script>\n<!-- \/ Yoast SEO Premium plugin. -->","yoast_head_json":{"title":"Art Wine - Draw Planet - v\u00fdtvarn\u00e9 ateli\u00e9ry","description":"Art wine workshopy for everyone! Draw Planet English in Prague","robots":{"index":"noindex","follow":"nofollow"},"og_locale":"en_US","og_type":"article","og_title":"Art Wine","og_description":"Art wine workshopy for everyone! Draw Planet English in Prague","og_url":"https:\/\/www.drawplanet.cz\/en\/art-wine\/","og_site_name":"Draw Planet - v\u00fdtvarn\u00e9 ateli\u00e9ry","article_modified_time":"2024-01-17T15:06:04+00:00","og_image":[{"width":1080,"height":1080,"url":"https:\/\/www.drawplanet.cz\/wp-content\/uploads\/2023\/02\/photo-2023-02-02-14-01-42.jpg","type":"image\/jpeg"}],"twitter_card":"summary_large_image","twitter_misc":{"Est. reading time":"1 minute"},"schema":{"@context":"https:\/\/schema.org","@graph":[{"@type":"WebPage","@id":"https:\/\/www.drawplanet.cz\/en\/art-wine\/","url":"https:\/\/www.drawplanet.cz\/en\/art-wine\/","name":"Art Wine - Draw Planet - v\u00fdtvarn\u00e9 ateli\u00e9ry","isPartOf":{"@id":"https:\/\/www.drawplanet.cz\/#website"},"primaryImageOfPage":{"@id":"https:\/\/www.drawplanet.cz\/en\/art-wine\/#primaryimage"},"image":{"@id":"https:\/\/www.drawplanet.cz\/en\/art-wine\/#primaryimage"},"thumbnailUrl":"https:\/\/www.drawplanet.cz\/wp-content\/uploads\/2023\/02\/photo-2023-02-02-14-01-42.jpg","datePublished":"2024-01-17T15:05:33+00:00","dateModified":"2024-01-17T15:06:04+00:00","description":"Art wine workshopy for everyone! Draw Planet English in Prague","breadcrumb":{"@id":"https:\/\/www.drawplanet.cz\/en\/art-wine\/#breadcrumb"},"inLanguage":"en-US","potentialAction":[{"@type":"ReadAction","target":["https:\/\/www.drawplanet.cz\/en\/art-wine\/"]}]},{"@type":"ImageObject","inLanguage":"en-US","@id":"https:\/\/www.drawplanet.cz\/en\/art-wine\/#primaryimage","url":"https:\/\/www.drawplanet.cz\/wp-content\/uploads\/2023\/02\/photo-2023-02-02-14-01-42.jpg","contentUrl":"https:\/\/www.drawplanet.cz\/wp-content\/uploads\/2023\/02\/photo-2023-02-02-14-01-42.jpg","width":1080,"height":1080},{"@type":"BreadcrumbList","@id":"https:\/\/www.drawplanet.cz\/en\/art-wine\/#breadcrumb","itemListElement":[{"@type":"ListItem","position":1,"name":"Dom\u016f","item":"https:\/\/www.drawplanet.cz\/en\/"},{"@type":"ListItem","position":2,"name":"Art Wine"}]},{"@type":"WebSite","@id":"https:\/\/www.drawplanet.cz\/#website","url":"https:\/\/www.drawplanet.cz\/","name":"Draw Planet - v\u00fdtvarn\u00e9 ateli\u00e9ry","description":"","potentialAction":[{"@type":"SearchAction","target":{"@type":"EntryPoint","urlTemplate":"https:\/\/www.drawplanet.cz\/?s={search_term_string}"},"query-input":{"@type":"PropertyValueSpecification","valueRequired":true,"valueName":"search_term_string"}}],"inLanguage":"en-US"}]}},"_links":{"self":[{"href":"https:\/\/www.drawplanet.cz\/en\/wp-json\/wp\/v2\/pages\/188929","targetHints":{"allow":["GET"]}}],"collection":[{"href":"https:\/\/www.drawplanet.cz\/en\/wp-json\/wp\/v2\/pages"}],"about":[{"href":"https:\/\/www.drawplanet.cz\/en\/wp-json\/wp\/v2\/types\/page"}],"author":[{"embeddable":true,"href":"https:\/\/www.drawplanet.cz\/en\/wp-json\/wp\/v2\/users\/10"}],"replies":[{"embeddable":true,"href":"https:\/\/www.drawplanet.cz\/en\/wp-json\/wp\/v2\/comments?post=188929"}],"version-history":[{"count":0,"href":"https:\/\/www.drawplanet.cz\/en\/wp-json\/wp\/v2\/pages\/188929\/revisions"}],"wp:featuredmedia":[{"embeddable":true,"href":"https:\/\/www.drawplanet.cz\/en\/wp-json\/wp\/v2\/media\/186990"}],"wp:attachment":[{"href":"https:\/\/www.drawplanet.cz\/en\/wp-json\/wp\/v2\/media?parent=188929"}],"curies":[{"name":"wp","href":"https:\/\/api.w.org\/{rel}","templated":true}]}}