{"id":12471,"date":"2016-10-15T15:55:04","date_gmt":"2016-10-15T13:55:04","guid":{"rendered":"https:\/\/www.drawplanet.cz\/en\/?page_id=12471"},"modified":"2022-02-07T20:51:07","modified_gmt":"2022-02-07T19:51:07","slug":"children","status":"publish","type":"page","link":"https:\/\/www.drawplanet.cz\/en\/children\/","title":{"rendered":"Art courses for children at Draw Planet"},"content":{"rendered":"","protected":false},"excerpt":{"rendered":"","protected":false},"author":3,"featured_media":0,"parent":0,"menu_order":79,"comment_status":"closed","ping_status":"closed","template":"","meta":{"_acf_changed":false,"footnotes":""},"class_list":["post-12471","page","type-page","status-publish","hentry"],"acf":[],"yoast_head":"<!-- This site is optimized with the Yoast SEO Premium plugin v22.7 (Yoast SEO v27.2) - https:\/\/yoast.com\/product\/yoast-seo-premium-wordpress\/ -->\n<title>Art courses for children at Draw Planet - Draw Planet - v\u00fdtvarn\u00e9 ateli\u00e9ry<\/title>\n<meta name=\"robots\" content=\"index, follow, max-snippet:-1, max-image-preview:large, max-video-preview:-1\" \/>\n<link rel=\"canonical\" href=\"https:\/\/www.drawplanet.cz\/en\/children\/\" \/>\n<meta property=\"og:locale\" content=\"en_US\" \/>\n<meta property=\"og:type\" content=\"article\" \/>\n<meta property=\"og:title\" content=\"Art courses for children at Draw Planet\" \/>\n<meta property=\"og:url\" content=\"https:\/\/www.drawplanet.cz\/en\/children\/\" \/>\n<meta property=\"og:site_name\" content=\"Draw Planet - v\u00fdtvarn\u00e9 ateli\u00e9ry\" \/>\n<meta property=\"article:modified_time\" content=\"2022-02-07T19:51:07+00:00\" \/>\n<meta name=\"twitter:card\" content=\"summary_large_image\" \/>\n<script type=\"application\/ld+json\" class=\"yoast-schema-graph\">{\"@context\":\"https:\/\/schema.org\",\"@graph\":[{\"@type\":\"WebPage\",\"@id\":\"https:\/\/www.drawplanet.cz\/en\/children\/\",\"url\":\"https:\/\/www.drawplanet.cz\/en\/children\/\",\"name\":\"Art courses for children at Draw Planet - Draw Planet - v\u00fdtvarn\u00e9 ateli\u00e9ry\",\"isPartOf\":{\"@id\":\"https:\/\/www.drawplanet.cz\/#website\"},\"datePublished\":\"2016-10-15T13:55:04+00:00\",\"dateModified\":\"2022-02-07T19:51:07+00:00\",\"breadcrumb\":{\"@id\":\"https:\/\/www.drawplanet.cz\/en\/children\/#breadcrumb\"},\"inLanguage\":\"en-US\",\"potentialAction\":[{\"@type\":\"ReadAction\",\"target\":[\"https:\/\/www.drawplanet.cz\/en\/children\/\"]}]},{\"@type\":\"BreadcrumbList\",\"@id\":\"https:\/\/www.drawplanet.cz\/en\/children\/#breadcrumb\",\"itemListElement\":[{\"@type\":\"ListItem\",\"position\":1,\"name\":\"Dom\u016f\",\"item\":\"https:\/\/www.drawplanet.cz\/en\/\"},{\"@type\":\"ListItem\",\"position\":2,\"name\":\"Art courses for children at Draw Planet\"}]},{\"@type\":\"WebSite\",\"@id\":\"https:\/\/www.drawplanet.cz\/#website\",\"url\":\"https:\/\/www.drawplanet.cz\/\",\"name\":\"Draw Planet - v\u00fdtvarn\u00e9 ateli\u00e9ry\",\"description\":\"\",\"potentialAction\":[{\"@type\":\"SearchAction\",\"target\":{\"@type\":\"EntryPoint\",\"urlTemplate\":\"https:\/\/www.drawplanet.cz\/?s={search_term_string}\"},\"query-input\":{\"@type\":\"PropertyValueSpecification\",\"valueRequired\":true,\"valueName\":\"search_term_string\"}}],\"inLanguage\":\"en-US\"}]}<\/script>\n<!-- \/ Yoast SEO Premium plugin. -->","yoast_head_json":{"title":"Art courses for children at Draw Planet - Draw Planet - v\u00fdtvarn\u00e9 ateli\u00e9ry","robots":{"index":"index","follow":"follow","max-snippet":"max-snippet:-1","max-image-preview":"max-image-preview:large","max-video-preview":"max-video-preview:-1"},"canonical":"https:\/\/www.drawplanet.cz\/en\/children\/","og_locale":"en_US","og_type":"article","og_title":"Art courses for children at Draw Planet","og_url":"https:\/\/www.drawplanet.cz\/en\/children\/","og_site_name":"Draw Planet - v\u00fdtvarn\u00e9 ateli\u00e9ry","article_modified_time":"2022-02-07T19:51:07+00:00","twitter_card":"summary_large_image","schema":{"@context":"https:\/\/schema.org","@graph":[{"@type":"WebPage","@id":"https:\/\/www.drawplanet.cz\/en\/children\/","url":"https:\/\/www.drawplanet.cz\/en\/children\/","name":"Art courses for children at Draw Planet - Draw Planet - v\u00fdtvarn\u00e9 ateli\u00e9ry","isPartOf":{"@id":"https:\/\/www.drawplanet.cz\/#website"},"datePublished":"2016-10-15T13:55:04+00:00","dateModified":"2022-02-07T19:51:07+00:00","breadcrumb":{"@id":"https:\/\/www.drawplanet.cz\/en\/children\/#breadcrumb"},"inLanguage":"en-US","potentialAction":[{"@type":"ReadAction","target":["https:\/\/www.drawplanet.cz\/en\/children\/"]}]},{"@type":"BreadcrumbList","@id":"https:\/\/www.drawplanet.cz\/en\/children\/#breadcrumb","itemListElement":[{"@type":"ListItem","position":1,"name":"Dom\u016f","item":"https:\/\/www.drawplanet.cz\/en\/"},{"@type":"ListItem","position":2,"name":"Art courses for children at Draw Planet"}]},{"@type":"WebSite","@id":"https:\/\/www.drawplanet.cz\/#website","url":"https:\/\/www.drawplanet.cz\/","name":"Draw Planet - v\u00fdtvarn\u00e9 ateli\u00e9ry","description":"","potentialAction":[{"@type":"SearchAction","target":{"@type":"EntryPoint","urlTemplate":"https:\/\/www.drawplanet.cz\/?s={search_term_string}"},"query-input":{"@type":"PropertyValueSpecification","valueRequired":true,"valueName":"search_term_string"}}],"inLanguage":"en-US"}]}},"_links":{"self":[{"href":"https:\/\/www.drawplanet.cz\/en\/wp-json\/wp\/v2\/pages\/12471","targetHints":{"allow":["GET"]}}],"collection":[{"href":"https:\/\/www.drawplanet.cz\/en\/wp-json\/wp\/v2\/pages"}],"about":[{"href":"https:\/\/www.drawplanet.cz\/en\/wp-json\/wp\/v2\/types\/page"}],"author":[{"embeddable":true,"href":"https:\/\/www.drawplanet.cz\/en\/wp-json\/wp\/v2\/users\/3"}],"replies":[{"embeddable":true,"href":"https:\/\/www.drawplanet.cz\/en\/wp-json\/wp\/v2\/comments?post=12471"}],"version-history":[{"count":0,"href":"https:\/\/www.drawplanet.cz\/en\/wp-json\/wp\/v2\/pages\/12471\/revisions"}],"wp:attachment":[{"href":"https:\/\/www.drawplanet.cz\/en\/wp-json\/wp\/v2\/media?parent=12471"}],"curies":[{"name":"wp","href":"https:\/\/api.w.org\/{rel}","templated":true}]}}